{"id":1397,"date":"2022-04-22T10:27:51","date_gmt":"2022-04-22T13:27:51","guid":{"rendered":"https:\/\/deaf1.com.br\/blog\/"},"modified":"2022-04-22T10:27:51","modified_gmt":"2022-04-22T13:27:51","slug":"blog","status":"publish","type":"page","link":"https:\/\/deaf1.com.br\/fr\/blog\/","title":{"rendered":"Blog"},"content":{"rendered":"<p>[et_pb_section fb_built=\u00a0\u00bb1&Prime; _builder_version=\u00a0\u00bb4.17.2&Prime; _module_preset=\u00a0\u00bbdefault\u00a0\u00bb global_colors_info=\u00a0\u00bb{}\u00a0\u00bb][et_pb_row _builder_version=\u00a0\u00bb4.17.3&Prime; _module_preset=\u00a0\u00bbdefault\u00a0\u00bb global_colors_info=\u00a0\u00bb{}\u00a0\u00bb][et_pb_column type=\u00a0\u00bb4_4&Prime; _builder_version=\u00a0\u00bb4.17.3&Prime; _module_preset=\u00a0\u00bbdefault\u00a0\u00bb global_colors_info=\u00a0\u00bb{}\u00a0\u00bb][et_pb_search _builder_version=\u00a0\u00bb4.17.3&Prime; _module_preset=\u00a0\u00bbdefault\u00a0\u00bb global_colors_info=\u00a0\u00bb{}\u00a0\u00bb][\/et_pb_search][\/et_pb_column][\/et_pb_row][et_pb_row _builder_version=\u00a0\u00bb4.17.2&Prime; _module_preset=\u00a0\u00bbdefault\u00a0\u00bb custom_padding=\u00a0\u00bb60px|||||\u00a0\u00bb global_colors_info=\u00a0\u00bb{}\u00a0\u00bb][et_pb_column type=\u00a0\u00bb4_4&Prime; _builder_version=\u00a0\u00bb4.17.2&Prime; _module_preset=\u00a0\u00bbdefault\u00a0\u00bb global_colors_info=\u00a0\u00bb{}\u00a0\u00bb][et_pb_blog fullwidth=\u00a0\u00bboff\u00a0\u00bb posts_number=\u00a0\u00bb15&Prime; meta_date=\u00a0\u00bbj M, Y\u00a0\u00bb excerpt_length=\u00a0\u00bb0&Prime; _builder_version=\u00a0\u00bb4.17.3&Prime; _module_preset=\u00a0\u00bbdefault\u00a0\u00bb header_font=\u00a0\u00bb|700|||||||\u00a0\u00bb hover_enabled=\u00a0\u00bb0&Prime; global_colors_info=\u00a0\u00bb{}\u00a0\u00bb show_categories=\u00a0\u00bboff\u00a0\u00bb sticky_enabled=\u00a0\u00bb0&Prime;][\/et_pb_blog][\/et_pb_column][\/et_pb_row][\/et_pb_section]<\/p>\n","protected":false},"excerpt":{"rendered":"","protected":false},"author":1,"featured_media":0,"parent":0,"menu_order":0,"comment_status":"closed","ping_status":"closed","template":"","meta":{"give_campaign_id":0,"_et_pb_use_builder":"on","_et_pb_old_content":"","_et_gb_content_width":"","footnotes":""},"class_list":["post-1397","page","type-page","status-publish","hentry"],"yoast_head":"<!-- This site is optimized with the Yoast SEO plugin v27.4 - https:\/\/yoast.com\/product\/yoast-seo-wordpress\/ -->\n<title>Blog - Instituto DEAF1<\/title>\n<meta name=\"robots\" content=\"index, follow, max-snippet:-1, max-image-preview:large, max-video-preview:-1\" \/>\n<link rel=\"canonical\" href=\"https:\/\/deaf1.com.br\/blog\/\" \/>\n<meta property=\"og:locale\" content=\"fr_FR\" \/>\n<meta property=\"og:type\" content=\"article\" \/>\n<meta property=\"og:title\" content=\"Blog - Instituto DEAF1\" \/>\n<meta property=\"og:url\" content=\"https:\/\/deaf1.com.br\/blog\/\" \/>\n<meta property=\"og:site_name\" content=\"Instituto DEAF1\" \/>\n<meta name=\"twitter:card\" content=\"summary_large_image\" \/>\n<meta name=\"twitter:label1\" content=\"Dur\u00e9e de lecture estim\u00e9e\" \/>\n\t<meta name=\"twitter:data1\" content=\"1 minute\" \/>\n<script type=\"application\/ld+json\" class=\"yoast-schema-graph\">{\"@context\":\"https:\\\/\\\/schema.org\",\"@graph\":[{\"@type\":\"WebPage\",\"@id\":\"https:\\\/\\\/deaf1.com.br\\\/blog\\\/\",\"url\":\"https:\\\/\\\/deaf1.com.br\\\/blog\\\/\",\"name\":\"Blog - Instituto DEAF1\",\"isPartOf\":{\"@id\":\"https:\\\/\\\/deaf1.com.br\\\/#website\"},\"datePublished\":\"2022-04-22T13:27:51+00:00\",\"inLanguage\":\"fr-FR\",\"potentialAction\":[{\"@type\":\"ReadAction\",\"target\":[\"https:\\\/\\\/deaf1.com.br\\\/blog\\\/\"]}]},{\"@type\":\"WebSite\",\"@id\":\"https:\\\/\\\/deaf1.com.br\\\/#website\",\"url\":\"https:\\\/\\\/deaf1.com.br\\\/\",\"name\":\"Instituto DEAF1\",\"description\":\"Pesquisas cient\u00edficas em busca de tratamentos e da cura das consequ\u00eancias da muta\u00e7\u00e3o no gene DEAF1\",\"potentialAction\":[{\"@type\":\"SearchAction\",\"target\":{\"@type\":\"EntryPoint\",\"urlTemplate\":\"https:\\\/\\\/deaf1.com.br\\\/?s={search_term_string}\"},\"query-input\":{\"@type\":\"PropertyValueSpecification\",\"valueRequired\":true,\"valueName\":\"search_term_string\"}}],\"inLanguage\":\"fr-FR\"}]}<\/script>\n<!-- \/ Yoast SEO plugin. -->","yoast_head_json":{"title":"Blog - Instituto DEAF1","robots":{"index":"index","follow":"follow","max-snippet":"max-snippet:-1","max-image-preview":"max-image-preview:large","max-video-preview":"max-video-preview:-1"},"canonical":"https:\/\/deaf1.com.br\/blog\/","og_locale":"fr_FR","og_type":"article","og_title":"Blog - Instituto DEAF1","og_url":"https:\/\/deaf1.com.br\/blog\/","og_site_name":"Instituto DEAF1","twitter_card":"summary_large_image","twitter_misc":{"Dur\u00e9e de lecture estim\u00e9e":"1 minute"},"schema":{"@context":"https:\/\/schema.org","@graph":[{"@type":"WebPage","@id":"https:\/\/deaf1.com.br\/blog\/","url":"https:\/\/deaf1.com.br\/blog\/","name":"Blog - Instituto DEAF1","isPartOf":{"@id":"https:\/\/deaf1.com.br\/#website"},"datePublished":"2022-04-22T13:27:51+00:00","inLanguage":"fr-FR","potentialAction":[{"@type":"ReadAction","target":["https:\/\/deaf1.com.br\/blog\/"]}]},{"@type":"WebSite","@id":"https:\/\/deaf1.com.br\/#website","url":"https:\/\/deaf1.com.br\/","name":"Instituto DEAF1","description":"Pesquisas cient\u00edficas em busca de tratamentos e da cura das consequ\u00eancias da muta\u00e7\u00e3o no gene DEAF1","potentialAction":[{"@type":"SearchAction","target":{"@type":"EntryPoint","urlTemplate":"https:\/\/deaf1.com.br\/?s={search_term_string}"},"query-input":{"@type":"PropertyValueSpecification","valueRequired":true,"valueName":"search_term_string"}}],"inLanguage":"fr-FR"}]}},"campaignId":"","_links":{"self":[{"href":"https:\/\/deaf1.com.br\/fr\/wp-json\/wp\/v2\/pages\/1397","targetHints":{"allow":["GET"]}}],"collection":[{"href":"https:\/\/deaf1.com.br\/fr\/wp-json\/wp\/v2\/pages"}],"about":[{"href":"https:\/\/deaf1.com.br\/fr\/wp-json\/wp\/v2\/types\/page"}],"author":[{"embeddable":true,"href":"https:\/\/deaf1.com.br\/fr\/wp-json\/wp\/v2\/users\/1"}],"replies":[{"embeddable":true,"href":"https:\/\/deaf1.com.br\/fr\/wp-json\/wp\/v2\/comments?post=1397"}],"version-history":[{"count":0,"href":"https:\/\/deaf1.com.br\/fr\/wp-json\/wp\/v2\/pages\/1397\/revisions"}],"wp:attachment":[{"href":"https:\/\/deaf1.com.br\/fr\/wp-json\/wp\/v2\/media?parent=1397"}],"curies":[{"name":"wp","href":"https:\/\/api.w.org\/{rel}","templated":true}]}}